{"id":25,"date":"2026-03-29T13:12:15","date_gmt":"2026-03-29T13:12:15","guid":{"rendered":"http:\/\/www.alliancehypoxie.ch\/?page_id=25"},"modified":"2026-03-29T13:12:15","modified_gmt":"2026-03-29T13:12:15","slug":"sources-de-reference","status":"publish","type":"page","link":"https:\/\/www.alliancehypoxie.ch\/index.php\/sources-de-reference\/","title":{"rendered":"Sources de r\u00e9f\u00e9rence"},"content":{"rendered":"\n<p>R\u00e9aliser un\u00a0<strong>programme d\u2019activit\u00e9 physique en hypoxie<\/strong>\u00a0serait b\u00e9n\u00e9fique pour la gestion du poids et pourrait donc \u00eatre un outil th\u00e9rapeutique int\u00e9ressant pour les personnes ayant une ob\u00e9sit\u00e9. En plus des\u00a0<strong>bienfaits sur la perte de poids, l\u2019hypoxie<\/strong>\u00a0pourrait am\u00e9liorer certaines comorbidit\u00e9s cardio m\u00e9taboliques ou m\u00e9caniques li\u00e9es \u00e0 l\u2019ob\u00e9sit\u00e9.<\/p>\n","protected":false},"excerpt":{"rendered":"<p>R\u00e9aliser un\u00a0programme d\u2019activit\u00e9 physique en hypoxie\u00a0serait b\u00e9n\u00e9fique pour la gestion du poids et pourrait donc \u00eatre un outil th\u00e9rapeutique int\u00e9ressant pour les personnes ayant une ob\u00e9sit\u00e9. En plus des\u00a0bienfaits sur la perte de poids, l\u2019hypoxie\u00a0pourrait am\u00e9liorer certaines comorbidit\u00e9s cardio m\u00e9taboliques ou m\u00e9caniques li\u00e9es \u00e0 l\u2019ob\u00e9sit\u00e9.<\/p>\n","protected":false},"author":1,"featured_media":0,"parent":0,"menu_order":0,"comment_status":"closed","ping_status":"closed","template":"","meta":{"footnotes":""},"class_list":["post-25","page","type-page","status-publish","hentry"],"_links":{"self":[{"href":"https:\/\/www.alliancehypoxie.ch\/index.php\/wp-json\/wp\/v2\/pages\/25","targetHints":{"allow":["GET"]}}],"collection":[{"href":"https:\/\/www.alliancehypoxie.ch\/index.php\/wp-json\/wp\/v2\/pages"}],"about":[{"href":"https:\/\/www.alliancehypoxie.ch\/index.php\/wp-json\/wp\/v2\/types\/page"}],"author":[{"embeddable":true,"href":"https:\/\/www.alliancehypoxie.ch\/index.php\/wp-json\/wp\/v2\/users\/1"}],"replies":[{"embeddable":true,"href":"https:\/\/www.alliancehypoxie.ch\/index.php\/wp-json\/wp\/v2\/comments?post=25"}],"version-history":[{"count":1,"href":"https:\/\/www.alliancehypoxie.ch\/index.php\/wp-json\/wp\/v2\/pages\/25\/revisions"}],"predecessor-version":[{"id":26,"href":"https:\/\/www.alliancehypoxie.ch\/index.php\/wp-json\/wp\/v2\/pages\/25\/revisions\/26"}],"wp:attachment":[{"href":"https:\/\/www.alliancehypoxie.ch\/index.php\/wp-json\/wp\/v2\/media?parent=25"}],"curies":[{"name":"wp","href":"https:\/\/api.w.org\/{rel}","templated":true}]}}