{"id":23,"date":"2026-03-29T12:42:06","date_gmt":"2026-03-29T12:42:06","guid":{"rendered":"http:\/\/www.alliancehypoxie.ch\/?page_id=23"},"modified":"2026-03-29T12:42:06","modified_gmt":"2026-03-29T12:42:06","slug":"surpoids-metabolisme","status":"publish","type":"page","link":"https:\/\/www.alliancehypoxie.ch\/index.php\/surpoids-metabolisme\/","title":{"rendered":"Surpoids &amp; M\u00e9tabolisme"},"content":{"rendered":"\n<ul class=\"wp-block-list\">\n<li><strong>Alliance Ob\u00e9sit\u00e9 Hypoxique<\/strong><\/li>\n\n\n\n<li>R\u00e9activez votre m\u00e9tabolisme sans impact articulaire. Nos protocoles d&#8217;altitude simul\u00e9e favorisent la perte de masse grasse et am\u00e9liorent la sensibilit\u00e9 m\u00e9tabolique, m\u00eame \u00e0 faible intensit\u00e9.<\/li>\n<\/ul>\n","protected":false},"excerpt":{"rendered":"","protected":false},"author":1,"featured_media":0,"parent":0,"menu_order":0,"comment_status":"closed","ping_status":"closed","template":"","meta":{"footnotes":""},"class_list":["post-23","page","type-page","status-publish","hentry"],"_links":{"self":[{"href":"https:\/\/www.alliancehypoxie.ch\/index.php\/wp-json\/wp\/v2\/pages\/23","targetHints":{"allow":["GET"]}}],"collection":[{"href":"https:\/\/www.alliancehypoxie.ch\/index.php\/wp-json\/wp\/v2\/pages"}],"about":[{"href":"https:\/\/www.alliancehypoxie.ch\/index.php\/wp-json\/wp\/v2\/types\/page"}],"author":[{"embeddable":true,"href":"https:\/\/www.alliancehypoxie.ch\/index.php\/wp-json\/wp\/v2\/users\/1"}],"replies":[{"embeddable":true,"href":"https:\/\/www.alliancehypoxie.ch\/index.php\/wp-json\/wp\/v2\/comments?post=23"}],"version-history":[{"count":1,"href":"https:\/\/www.alliancehypoxie.ch\/index.php\/wp-json\/wp\/v2\/pages\/23\/revisions"}],"predecessor-version":[{"id":24,"href":"https:\/\/www.alliancehypoxie.ch\/index.php\/wp-json\/wp\/v2\/pages\/23\/revisions\/24"}],"wp:attachment":[{"href":"https:\/\/www.alliancehypoxie.ch\/index.php\/wp-json\/wp\/v2\/media?parent=23"}],"curies":[{"name":"wp","href":"https:\/\/api.w.org\/{rel}","templated":true}]}}