{"id":10,"date":"2026-03-29T10:52:02","date_gmt":"2026-03-29T10:52:02","guid":{"rendered":"http:\/\/www.alliancehypoxie.ch\/?page_id=10"},"modified":"2026-03-29T10:52:02","modified_gmt":"2026-03-29T10:52:02","slug":"alliance-hypoxie","status":"publish","type":"page","link":"https:\/\/www.alliancehypoxie.ch\/index.php\/alliance-hypoxie\/","title":{"rendered":"Alliance Hypoxie"},"content":{"rendered":"\n<div class=\"wp-block-cover\"><span aria-hidden=\"true\" class=\"wp-block-cover__background has-accent-4-background-color has-background-dim-100 has-background-dim\"><\/span><div class=\"wp-block-cover__inner-container has-global-padding is-layout-constrained wp-block-cover-is-layout-constrained\">\n<p class=\"has-text-align-center has-large-font-size\">Alliance Hypoxie<\/p>\n\n\n\n<p class=\"has-text-align-center has-large-font-size\"><strong>Ma\u00eetrisez votre Air  Transformez votre M\u00e9tabolisme<\/strong><\/p>\n\n\n\n<p class=\"has-text-align-center has-large-font-size\"><em>&#8220;Optimisation du m\u00e9tabolisme, de la r\u00e9cup\u00e9ration et de la performance gr\u00e2ce \u00e0 l\u2019hypoxie contr\u00f4l\u00e9e et \u00e0 l\u2019entra\u00eenement.&#8221;<\/em><\/p>\n\n\n\n<p class=\"has-text-align-center has-large-font-size\"><\/p>\n\n\n\n<hr class=\"wp-block-separator has-alpha-channel-opacity\"\/>\n\n\n\n<p class=\"has-text-align-center has-large-font-size\"><\/p>\n<\/div><\/div>\n","protected":false},"excerpt":{"rendered":"","protected":false},"author":1,"featured_media":0,"parent":0,"menu_order":0,"comment_status":"closed","ping_status":"closed","template":"","meta":{"footnotes":""},"class_list":["post-10","page","type-page","status-publish","hentry"],"_links":{"self":[{"href":"https:\/\/www.alliancehypoxie.ch\/index.php\/wp-json\/wp\/v2\/pages\/10","targetHints":{"allow":["GET"]}}],"collection":[{"href":"https:\/\/www.alliancehypoxie.ch\/index.php\/wp-json\/wp\/v2\/pages"}],"about":[{"href":"https:\/\/www.alliancehypoxie.ch\/index.php\/wp-json\/wp\/v2\/types\/page"}],"author":[{"embeddable":true,"href":"https:\/\/www.alliancehypoxie.ch\/index.php\/wp-json\/wp\/v2\/users\/1"}],"replies":[{"embeddable":true,"href":"https:\/\/www.alliancehypoxie.ch\/index.php\/wp-json\/wp\/v2\/comments?post=10"}],"version-history":[{"count":1,"href":"https:\/\/www.alliancehypoxie.ch\/index.php\/wp-json\/wp\/v2\/pages\/10\/revisions"}],"predecessor-version":[{"id":11,"href":"https:\/\/www.alliancehypoxie.ch\/index.php\/wp-json\/wp\/v2\/pages\/10\/revisions\/11"}],"wp:attachment":[{"href":"https:\/\/www.alliancehypoxie.ch\/index.php\/wp-json\/wp\/v2\/media?parent=10"}],"curies":[{"name":"wp","href":"https:\/\/api.w.org\/{rel}","templated":true}]}}